{"id":199,"date":"2025-05-27T14:39:33","date_gmt":"2025-05-27T14:39:33","guid":{"rendered":"https:\/\/carpinteriabarrosa.com\/?page_id=199"},"modified":"2025-10-22T08:07:56","modified_gmt":"2025-10-22T08:07:56","slug":"nosotros","status":"publish","type":"page","link":"https:\/\/carpinteriabarrosa.com\/index.php\/nosotros\/","title":{"rendered":"Nosotros"},"content":{"rendered":"\t\t<div data-elementor-type=\"wp-page\" data-elementor-id=\"199\" class=\"elementor elementor-199\" data-elementor-post-type=\"page\">\n\t\t\t\t<div class=\"elementor-element elementor-element-f7a269c e-flex e-con-boxed e-con e-parent\" data-id=\"f7a269c\" data-element_type=\"container\" data-e-type=\"container\" data-settings=\"{&quot;background_background&quot;:&quot;classic&quot;}\">\n\t\t\t\t\t<div class=\"e-con-inner\">\n\t\t\t\t\t<\/div>\n\t\t\t\t<\/div>\n\t\t<div class=\"elementor-element elementor-element-7e213e7 e-flex e-con-boxed e-con e-parent\" data-id=\"7e213e7\" data-element_type=\"container\" data-e-type=\"container\">\n\t\t\t\t\t<div class=\"e-con-inner\">\n\t\t\t\t<div class=\"elementor-element elementor-element-9768506 elementor-widget elementor-widget-heading\" data-id=\"9768506\" data-element_type=\"widget\" data-e-type=\"widget\" data-widget_type=\"heading.default\">\n\t\t\t\t<div class=\"elementor-widget-container\">\n\t\t\t\t\t<h2 class=\"elementor-heading-title elementor-size-default\">M\u00e1s de Tres D\u00e9cadas Dando Forma a la Madera<\/h2>\t\t\t\t<\/div>\n\t\t\t\t<\/div>\n\t\t\t\t<div class=\"elementor-element elementor-element-1c2a548 elementor-widget elementor-widget-text-editor\" data-id=\"1c2a548\" data-element_type=\"widget\" data-e-type=\"widget\" data-widget_type=\"text-editor.default\">\n\t\t\t\t<div class=\"elementor-widget-container\">\n\t\t\t\t\t\t\t\t\t<p data-start=\"304\" data-end=\"685\">Desde 1984, somos una empresa especializada en la fabricaci\u00f3n de carpinter\u00eda en madera. Con m\u00e1s de 35 a\u00f1os de experiencia, hemos hecho de la madera nuestra materia prima, nuestro oficio y nuestra pasi\u00f3n. Cada proyecto que realizamos\u00a0 ya sean puertas, armarios, estructuras o elementos decorativos nace del respeto por este material noble y del compromiso con la calidad artesanal.<\/p><p data-start=\"687\" data-end=\"979\">Nos dedicamos exclusivamente a trabajar con madera, seleccionando cuidadosamente cada pieza para garantizar durabilidad, belleza y un acabado impecable. Apostamos por soluciones a medida, adaptadas a las necesidades y gustos de cada cliente, combinando tradici\u00f3n carpintera con dise\u00f1o actual.<\/p><p data-start=\"981\" data-end=\"1162\">Nuestra trayectoria se construye d\u00eda a d\u00eda con honestidad, dedicaci\u00f3n y el orgullo de crear productos \u00fanicos que acompa\u00f1an y transforman los espacios de quienes conf\u00edan en nosotros.<\/p>\t\t\t\t\t\t\t\t<\/div>\n\t\t\t\t<\/div>\n\t\t\t\t\t<\/div>\n\t\t\t\t<\/div>\n\t\t\t\t<\/div>\n\t\t","protected":false},"excerpt":{"rendered":"<p>M\u00e1s de Tres D\u00e9cadas Dando Forma a la Madera Desde 1984, somos una empresa especializada en la fabricaci\u00f3n de carpinter\u00eda [&hellip;]<\/p>\n","protected":false},"author":1,"featured_media":0,"parent":0,"menu_order":0,"comment_status":"closed","ping_status":"closed","template":"","meta":{"site-sidebar-layout":"no-sidebar","site-content-layout":"","ast-site-content-layout":"full-width-container","site-content-style":"default","site-sidebar-style":"default","ast-global-header-display":"","ast-banner-title-visibility":"","ast-main-header-display":"","ast-hfb-above-header-display":"","ast-hfb-below-header-display":"","ast-hfb-mobile-header-display":"","site-post-title":"disabled","ast-breadcrumbs-content":"","ast-featured-img":"disabled","footer-sml-layout":"","theme-transparent-header-meta":"","adv-header-id-meta":"","stick-header-meta":"","header-above-stick-meta":"","header-main-stick-meta":"","header-below-stick-meta":"","astra-migrate-meta-layouts":"default","ast-page-background-enabled":"default","ast-page-background-meta":{"desktop":{"background-color":"var(--ast-global-color-5)","background-image":"","background-repeat":"repeat","background-position":"center center","background-size":"auto","background-attachment":"scroll","background-type":"","background-media":"","overlay-type":"","overlay-color":"","overlay-opacity":"","overlay-gradient":""},"tablet":{"background-color":"","background-image":"","background-repeat":"repeat","background-position":"center center","background-size":"auto","background-attachment":"scroll","background-type":"","background-media":"","overlay-type":"","overlay-color":"","overlay-opacity":"","overlay-gradient":""},"mobile":{"background-color":"","background-image":"","background-repeat":"repeat","background-position":"center center","background-size":"auto","background-attachment":"scroll","background-type":"","background-media":"","overlay-type":"","overlay-color":"","overlay-opacity":"","overlay-gradient":""}},"ast-content-background-meta":{"desktop":{"background-color":"var(--ast-global-color-4)","background-image":"","background-repeat":"repeat","background-position":"center center","background-size":"auto","background-attachment":"scroll","background-type":"","background-media":"","overlay-type":"","overlay-color":"","overlay-opacity":"","overlay-gradient":""},"tablet":{"background-color":"var(--ast-global-color-4)","background-image":"","background-repeat":"repeat","background-position":"center center","background-size":"auto","background-attachment":"scroll","background-type":"","background-media":"","overlay-type":"","overlay-color":"","overlay-opacity":"","overlay-gradient":""},"mobile":{"background-color":"var(--ast-global-color-4)","background-image":"","background-repeat":"repeat","background-position":"center center","background-size":"auto","background-attachment":"scroll","background-type":"","background-media":"","overlay-type":"","overlay-color":"","overlay-opacity":"","overlay-gradient":""}},"footnotes":""},"class_list":["post-199","page","type-page","status-publish","hentry"],"_links":{"self":[{"href":"https:\/\/carpinteriabarrosa.com\/index.php\/wp-json\/wp\/v2\/pages\/199","targetHints":{"allow":["GET"]}}],"collection":[{"href":"https:\/\/carpinteriabarrosa.com\/index.php\/wp-json\/wp\/v2\/pages"}],"about":[{"href":"https:\/\/carpinteriabarrosa.com\/index.php\/wp-json\/wp\/v2\/types\/page"}],"author":[{"embeddable":true,"href":"https:\/\/carpinteriabarrosa.com\/index.php\/wp-json\/wp\/v2\/users\/1"}],"replies":[{"embeddable":true,"href":"https:\/\/carpinteriabarrosa.com\/index.php\/wp-json\/wp\/v2\/comments?post=199"}],"version-history":[{"count":16,"href":"https:\/\/carpinteriabarrosa.com\/index.php\/wp-json\/wp\/v2\/pages\/199\/revisions"}],"predecessor-version":[{"id":365,"href":"https:\/\/carpinteriabarrosa.com\/index.php\/wp-json\/wp\/v2\/pages\/199\/revisions\/365"}],"wp:attachment":[{"href":"https:\/\/carpinteriabarrosa.com\/index.php\/wp-json\/wp\/v2\/media?parent=199"}],"curies":[{"name":"wp","href":"https:\/\/api.w.org\/{rel}","templated":true}]}}