{"id":14,"date":"2025-05-22T09:34:37","date_gmt":"2025-05-22T09:34:37","guid":{"rendered":"https:\/\/carpinteriabarrosa.com\/?page_id=14"},"modified":"2025-09-16T09:04:14","modified_gmt":"2025-09-16T09:04:14","slug":"inicio","status":"publish","type":"page","link":"https:\/\/carpinteriabarrosa.com\/","title":{"rendered":"Inicio"},"content":{"rendered":"\t\t<div data-elementor-type=\"wp-page\" data-elementor-id=\"14\" class=\"elementor elementor-14\" data-elementor-post-type=\"page\">\n\t\t\t\t<div class=\"elementor-element elementor-element-396e6b0 e-con-full e-flex e-con e-parent\" data-id=\"396e6b0\" data-element_type=\"container\" data-e-type=\"container\" data-settings=\"{&quot;background_background&quot;:&quot;classic&quot;}\">\n\t\t\t\t<div class=\"elementor-element elementor-element-c52aea2 elementor-widget elementor-widget-heading\" data-id=\"c52aea2\" data-element_type=\"widget\" data-e-type=\"widget\" data-widget_type=\"heading.default\">\n\t\t\t\t<div class=\"elementor-widget-container\">\n\t\t\t\t\t<h2 class=\"elementor-heading-title elementor-size-default\">BARROSA<\/h2>\t\t\t\t<\/div>\n\t\t\t\t<\/div>\n\t\t<div class=\"elementor-element elementor-element-c2b3a76 e-flex e-con-boxed e-con e-child\" data-id=\"c2b3a76\" data-element_type=\"container\" data-e-type=\"container\" data-settings=\"{&quot;background_background&quot;:&quot;classic&quot;}\">\n\t\t\t\t\t<div class=\"e-con-inner\">\n\t\t\t\t<div class=\"elementor-element elementor-element-c67d841 elementor-widget elementor-widget-text-editor\" data-id=\"c67d841\" data-element_type=\"widget\" data-e-type=\"widget\" data-widget_type=\"text-editor.default\">\n\t\t\t\t<div class=\"elementor-widget-container\">\n\t\t\t\t\t\t\t\t\t<p>Dise\u00f1amos y fabricamos piezas \u00fanicas en madera maciza: puertas, armarios, mallorquinas y m\u00e1s. Artesan\u00eda, calidad y estilo para transformar tus espacios.<\/p>\t\t\t\t\t\t\t\t<\/div>\n\t\t\t\t<\/div>\n\t\t\t\t\t<\/div>\n\t\t\t\t<\/div>\n\t\t\t\t<div class=\"elementor-element elementor-element-3844736 elementor-align-center elementor-widget elementor-widget-elementskit-button\" data-id=\"3844736\" data-element_type=\"widget\" data-e-type=\"widget\" data-widget_type=\"elementskit-button.default\">\n\t\t\t\t<div class=\"elementor-widget-container\">\n\t\t\t\t\t<div class=\"ekit-wid-con\" >\t\t<div class=\"ekit-btn-wraper\">\n\t\t\t\t\t\t\t<a href=\"tel:965%2040%2035%2045\" class=\"elementskit-btn  whitespace--normal\" id=\"\">\n\t\t\t\t\t<svg class=\"e-font-icon-svg e-fas-phone-alt\" viewBox=\"0 0 512 512\" xmlns=\"http:\/\/www.w3.org\/2000\/svg\"><path d=\"M497.39 361.8l-112-48a24 24 0 0 0-28 6.9l-49.6 60.6A370.66 370.66 0 0 1 130.6 204.11l60.6-49.6a23.94 23.94 0 0 0 6.9-28l-48-112A24.16 24.16 0 0 0 122.6.61l-104 24A24 24 0 0 0 0 48c0 256.5 207.9 464 464 464a24 24 0 0 0 23.4-18.6l24-104a24.29 24.29 0 0 0-14.01-27.6z\"><\/path><\/svg>Solicitar Informaci\u00f3n\t\t\t\t<\/a>\n\t\t\t\t\t<\/div>\n        <\/div>\t\t\t\t<\/div>\n\t\t\t\t<\/div>\n\t\t\t\t<\/div>\n\t\t<div class=\"elementor-element elementor-element-17544dd e-con-full e-flex e-con e-parent\" data-id=\"17544dd\" data-element_type=\"container\" data-e-type=\"container\" data-settings=\"{&quot;background_background&quot;:&quot;classic&quot;}\">\n\t\t<div class=\"elementor-element elementor-element-b0cb341 e-con-full e-flex e-con e-child\" data-id=\"b0cb341\" data-element_type=\"container\" data-e-type=\"container\">\n\t\t\t\t<div class=\"elementor-element elementor-element-72a06d7 elementor-widget elementor-widget-heading\" data-id=\"72a06d7\" data-element_type=\"widget\" data-e-type=\"widget\" data-widget_type=\"heading.default\">\n\t\t\t\t<div class=\"elementor-widget-container\">\n\t\t\t\t\t<h2 class=\"elementor-heading-title elementor-size-default\">Productos hechos con pasi\u00f3n<\/h2>\t\t\t\t<\/div>\n\t\t\t\t<\/div>\n\t\t\t\t<div class=\"elementor-element elementor-element-9dc9aef elementor-widget__width-initial elementor-widget elementor-widget-text-editor\" data-id=\"9dc9aef\" data-element_type=\"widget\" data-e-type=\"widget\" data-widget_type=\"text-editor.default\">\n\t\t\t\t<div class=\"elementor-widget-container\">\n\t\t\t\t\t\t\t\t\t<p>Cada pieza refleja el cuidado y la experiencia de nuestros maestros carpinteros. Dise\u00f1os \u00fanicos, duraderos y hechos a mano.<\/p>\t\t\t\t\t\t\t\t<\/div>\n\t\t\t\t<\/div>\n\t\t\t\t<\/div>\n\t\t<div class=\"elementor-element elementor-element-3cf7f11 e-con-full e-flex e-con e-child\" data-id=\"3cf7f11\" data-element_type=\"container\" data-e-type=\"container\">\n\t\t\t\t<div class=\"elementor-element elementor-element-920633d elementor-widget elementor-widget-image\" data-id=\"920633d\" data-element_type=\"widget\" data-e-type=\"widget\" data-widget_type=\"image.default\">\n\t\t\t\t<div class=\"elementor-widget-container\">\n\t\t\t\t\t\t\t\t\t\t\t\t\t\t\t<img fetchpriority=\"high\" decoding=\"async\" width=\"1024\" height=\"585\" src=\"https:\/\/carpinteriabarrosa.com\/wp-content\/uploads\/2025\/05\/marcos-y-puerta-1024x585.jpeg\" class=\"attachment-large size-large wp-image-166\" alt=\"\" srcset=\"https:\/\/carpinteriabarrosa.com\/wp-content\/uploads\/2025\/05\/marcos-y-puerta-1024x585.jpeg 1024w, https:\/\/carpinteriabarrosa.com\/wp-content\/uploads\/2025\/05\/marcos-y-puerta-300x171.jpeg 300w, https:\/\/carpinteriabarrosa.com\/wp-content\/uploads\/2025\/05\/marcos-y-puerta-768x439.jpeg 768w, https:\/\/carpinteriabarrosa.com\/wp-content\/uploads\/2025\/05\/marcos-y-puerta.jpeg 1344w\" sizes=\"(max-width: 1024px) 100vw, 1024px\" \/>\t\t\t\t\t\t\t\t\t\t\t\t\t\t\t<\/div>\n\t\t\t\t<\/div>\n\t\t<div class=\"elementor-element elementor-element-854ac56 e-con-full e-flex e-con e-child\" data-id=\"854ac56\" data-element_type=\"container\" data-e-type=\"container\">\n\t\t\t\t<div class=\"elementor-element elementor-element-dc1a3a7 elementor-widget elementor-widget-heading\" data-id=\"dc1a3a7\" data-element_type=\"widget\" data-e-type=\"widget\" data-widget_type=\"heading.default\">\n\t\t\t\t<div class=\"elementor-widget-container\">\n\t\t\t\t\t<h2 class=\"elementor-heading-title elementor-size-default\">Marcos y puertas<\/h2>\t\t\t\t<\/div>\n\t\t\t\t<\/div>\n\t\t\t\t<div class=\"elementor-element elementor-element-5c0867d elementor-widget__width-auto elementor-widget elementor-widget-text-editor\" data-id=\"5c0867d\" data-element_type=\"widget\" data-e-type=\"widget\" data-widget_type=\"text-editor.default\">\n\t\t\t\t<div class=\"elementor-widget-container\">\n\t\t\t\t\t\t\t\t\t<p>Fabricados en madera maciza, nuestros marcos y puertas combinan resistencia, calidez y dise\u00f1o. Ideales para dar car\u00e1cter y durabilidad a cualquier espacio, con opciones personalizadas seg\u00fan tu estilo.<\/p>\t\t\t\t\t\t\t\t<\/div>\n\t\t\t\t<\/div>\n\t\t\t\t<div class=\"elementor-element elementor-element-1f659ad elementor-align-center elementor-widget elementor-widget-elementskit-button\" data-id=\"1f659ad\" data-element_type=\"widget\" data-e-type=\"widget\" data-widget_type=\"elementskit-button.default\">\n\t\t\t\t<div class=\"elementor-widget-container\">\n\t\t\t\t\t<div class=\"ekit-wid-con\" >\t\t<div class=\"ekit-btn-wraper\">\n\t\t\t\t\t\t\t<a class=\"elementskit-btn  whitespace--normal\" id=\"\">\n\t\t\t\t\tVer modelos\t\t\t\t<\/a>\n\t\t\t\t\t<\/div>\n        <\/div>\t\t\t\t<\/div>\n\t\t\t\t<\/div>\n\t\t\t\t<\/div>\n\t\t\t\t<\/div>\n\t\t<div class=\"elementor-element elementor-element-34a132e e-con-full e-flex e-con e-child\" data-id=\"34a132e\" data-element_type=\"container\" data-e-type=\"container\">\n\t\t<div class=\"elementor-element elementor-element-987da36 e-con-full e-flex e-con e-child\" data-id=\"987da36\" data-element_type=\"container\" data-e-type=\"container\">\n\t\t\t\t<div class=\"elementor-element elementor-element-b9ea98f elementor-widget elementor-widget-heading\" data-id=\"b9ea98f\" data-element_type=\"widget\" data-e-type=\"widget\" data-widget_type=\"heading.default\">\n\t\t\t\t<div class=\"elementor-widget-container\">\n\t\t\t\t\t<h2 class=\"elementor-heading-title elementor-size-default\">Armarios y puertas \nde paso<\/h2>\t\t\t\t<\/div>\n\t\t\t\t<\/div>\n\t\t\t\t<div class=\"elementor-element elementor-element-587a960 elementor-widget__width-auto elementor-widget elementor-widget-text-editor\" data-id=\"587a960\" data-element_type=\"widget\" data-e-type=\"widget\" data-widget_type=\"text-editor.default\">\n\t\t\t\t<div class=\"elementor-widget-container\">\n\t\t\t\t\t\t\t\t\t<p>Soluciones funcionales y elegantes en madera maciza, ideales para optimizar espacios con estilo. Dise\u00f1os a medida que se integran perfectamente en cualquier ambiente.<\/p>\t\t\t\t\t\t\t\t<\/div>\n\t\t\t\t<\/div>\n\t\t\t\t<div class=\"elementor-element elementor-element-53b9935 elementor-align-center elementor-widget elementor-widget-elementskit-button\" data-id=\"53b9935\" data-element_type=\"widget\" data-e-type=\"widget\" data-widget_type=\"elementskit-button.default\">\n\t\t\t\t<div class=\"elementor-widget-container\">\n\t\t\t\t\t<div class=\"ekit-wid-con\" >\t\t<div class=\"ekit-btn-wraper\">\n\t\t\t\t\t\t\t<a class=\"elementskit-btn  whitespace--normal\" id=\"\">\n\t\t\t\t\tVer opciones\t\t\t\t<\/a>\n\t\t\t\t\t<\/div>\n        <\/div>\t\t\t\t<\/div>\n\t\t\t\t<\/div>\n\t\t\t\t<\/div>\n\t\t\t\t<div class=\"elementor-element elementor-element-1b31a1e elementor-widget elementor-widget-image\" data-id=\"1b31a1e\" data-element_type=\"widget\" data-e-type=\"widget\" data-widget_type=\"image.default\">\n\t\t\t\t<div class=\"elementor-widget-container\">\n\t\t\t\t\t\t\t\t\t\t\t\t\t\t\t<img decoding=\"async\" width=\"1024\" height=\"585\" src=\"https:\/\/carpinteriabarrosa.com\/wp-content\/uploads\/2025\/05\/Armario-opcion-1-1024x585.jpeg\" class=\"attachment-large size-large wp-image-167\" alt=\"\" srcset=\"https:\/\/carpinteriabarrosa.com\/wp-content\/uploads\/2025\/05\/Armario-opcion-1-1024x585.jpeg 1024w, https:\/\/carpinteriabarrosa.com\/wp-content\/uploads\/2025\/05\/Armario-opcion-1-300x171.jpeg 300w, https:\/\/carpinteriabarrosa.com\/wp-content\/uploads\/2025\/05\/Armario-opcion-1-768x439.jpeg 768w, https:\/\/carpinteriabarrosa.com\/wp-content\/uploads\/2025\/05\/Armario-opcion-1.jpeg 1344w\" sizes=\"(max-width: 1024px) 100vw, 1024px\" \/>\t\t\t\t\t\t\t\t\t\t\t\t\t\t\t<\/div>\n\t\t\t\t<\/div>\n\t\t\t\t<\/div>\n\t\t<div class=\"elementor-element elementor-element-cacf78d e-grid e-con-full e-con e-child\" data-id=\"cacf78d\" data-element_type=\"container\" data-e-type=\"container\">\n\t\t<div class=\"elementor-element elementor-element-2038721 e-con-full e-flex e-con e-child\" data-id=\"2038721\" data-element_type=\"container\" data-e-type=\"container\">\n\t\t\t\t<div class=\"elementor-element elementor-element-c018d44 elementor-widget elementor-widget-image\" data-id=\"c018d44\" data-element_type=\"widget\" data-e-type=\"widget\" data-widget_type=\"image.default\">\n\t\t\t\t<div class=\"elementor-widget-container\">\n\t\t\t\t\t\t\t\t\t\t\t\t\t\t\t<img decoding=\"async\" width=\"1024\" height=\"585\" src=\"https:\/\/carpinteriabarrosa.com\/wp-content\/uploads\/2025\/05\/mallorquinas-1024x585.jpeg\" class=\"attachment-large size-large wp-image-168\" alt=\"\" srcset=\"https:\/\/carpinteriabarrosa.com\/wp-content\/uploads\/2025\/05\/mallorquinas-1024x585.jpeg 1024w, https:\/\/carpinteriabarrosa.com\/wp-content\/uploads\/2025\/05\/mallorquinas-300x171.jpeg 300w, https:\/\/carpinteriabarrosa.com\/wp-content\/uploads\/2025\/05\/mallorquinas-768x439.jpeg 768w, https:\/\/carpinteriabarrosa.com\/wp-content\/uploads\/2025\/05\/mallorquinas.jpeg 1344w\" sizes=\"(max-width: 1024px) 100vw, 1024px\" \/>\t\t\t\t\t\t\t\t\t\t\t\t\t\t\t<\/div>\n\t\t\t\t<\/div>\n\t\t\t\t<div class=\"elementor-element elementor-element-701e82f elementor-widget elementor-widget-heading\" data-id=\"701e82f\" data-element_type=\"widget\" data-e-type=\"widget\" data-widget_type=\"heading.default\">\n\t\t\t\t<div class=\"elementor-widget-container\">\n\t\t\t\t\t<h2 class=\"elementor-heading-title elementor-size-default\">Mallorquinas<\/h2>\t\t\t\t<\/div>\n\t\t\t\t<\/div>\n\t\t\t\t<\/div>\n\t\t<div class=\"elementor-element elementor-element-8cee51f e-con-full e-flex e-con e-child\" data-id=\"8cee51f\" data-element_type=\"container\" data-e-type=\"container\">\n\t\t\t\t<div class=\"elementor-element elementor-element-0fef0e7 elementor-widget elementor-widget-image\" data-id=\"0fef0e7\" data-element_type=\"widget\" data-e-type=\"widget\" data-widget_type=\"image.default\">\n\t\t\t\t<div class=\"elementor-widget-container\">\n\t\t\t\t\t\t\t\t\t\t\t\t\t\t\t<img loading=\"lazy\" decoding=\"async\" width=\"1024\" height=\"1024\" src=\"https:\/\/carpinteriabarrosa.com\/wp-content\/uploads\/2025\/05\/ventanas-opcion-2.jpeg\" class=\"attachment-large size-large wp-image-169\" alt=\"\" srcset=\"https:\/\/carpinteriabarrosa.com\/wp-content\/uploads\/2025\/05\/ventanas-opcion-2.jpeg 1024w, https:\/\/carpinteriabarrosa.com\/wp-content\/uploads\/2025\/05\/ventanas-opcion-2-300x300.jpeg 300w, https:\/\/carpinteriabarrosa.com\/wp-content\/uploads\/2025\/05\/ventanas-opcion-2-150x150.jpeg 150w, https:\/\/carpinteriabarrosa.com\/wp-content\/uploads\/2025\/05\/ventanas-opcion-2-768x768.jpeg 768w\" sizes=\"(max-width: 1024px) 100vw, 1024px\" \/>\t\t\t\t\t\t\t\t\t\t\t\t\t\t\t<\/div>\n\t\t\t\t<\/div>\n\t\t\t\t<div class=\"elementor-element elementor-element-054c272 elementor-widget elementor-widget-heading\" data-id=\"054c272\" data-element_type=\"widget\" data-e-type=\"widget\" data-widget_type=\"heading.default\">\n\t\t\t\t<div class=\"elementor-widget-container\">\n\t\t\t\t\t<h2 class=\"elementor-heading-title elementor-size-default\">Ventanas<\/h2>\t\t\t\t<\/div>\n\t\t\t\t<\/div>\n\t\t\t\t<\/div>\n\t\t<div class=\"elementor-element elementor-element-a91878a e-con-full e-flex e-con e-child\" data-id=\"a91878a\" data-element_type=\"container\" data-e-type=\"container\">\n\t\t\t\t<div class=\"elementor-element elementor-element-a1c162a elementor-widget elementor-widget-image\" data-id=\"a1c162a\" data-element_type=\"widget\" data-e-type=\"widget\" data-widget_type=\"image.default\">\n\t\t\t\t<div class=\"elementor-widget-container\">\n\t\t\t\t\t\t\t\t\t\t\t\t\t\t\t<img loading=\"lazy\" decoding=\"async\" width=\"1024\" height=\"683\" src=\"https:\/\/carpinteriabarrosa.com\/wp-content\/uploads\/2025\/05\/2151263609-1024x683.jpg\" class=\"attachment-large size-large wp-image-170\" alt=\"\" srcset=\"https:\/\/carpinteriabarrosa.com\/wp-content\/uploads\/2025\/05\/2151263609-1024x683.jpg 1024w, https:\/\/carpinteriabarrosa.com\/wp-content\/uploads\/2025\/05\/2151263609-300x200.jpg 300w, https:\/\/carpinteriabarrosa.com\/wp-content\/uploads\/2025\/05\/2151263609-768x512.jpg 768w, https:\/\/carpinteriabarrosa.com\/wp-content\/uploads\/2025\/05\/2151263609.jpg 1500w\" sizes=\"(max-width: 1024px) 100vw, 1024px\" \/>\t\t\t\t\t\t\t\t\t\t\t\t\t\t\t<\/div>\n\t\t\t\t<\/div>\n\t\t\t\t<div class=\"elementor-element elementor-element-88c5de0 elementor-widget elementor-widget-heading\" data-id=\"88c5de0\" data-element_type=\"widget\" data-e-type=\"widget\" data-widget_type=\"heading.default\">\n\t\t\t\t<div class=\"elementor-widget-container\">\n\t\t\t\t\t<h2 class=\"elementor-heading-title elementor-size-default\">Otras decoraciones<\/h2>\t\t\t\t<\/div>\n\t\t\t\t<\/div>\n\t\t\t\t<\/div>\n\t\t\t\t<\/div>\n\t\t\t\t<\/div>\n\t\t<div class=\"elementor-element elementor-element-b7ae108 e-flex e-con-boxed e-con e-parent\" data-id=\"b7ae108\" data-element_type=\"container\" data-e-type=\"container\" data-settings=\"{&quot;background_background&quot;:&quot;classic&quot;}\">\n\t\t\t\t\t<div class=\"e-con-inner\">\n\t\t\t\t<div class=\"elementor-element elementor-element-32e8b07 elementor-widget elementor-widget-heading\" data-id=\"32e8b07\" data-element_type=\"widget\" data-e-type=\"widget\" data-widget_type=\"heading.default\">\n\t\t\t\t<div class=\"elementor-widget-container\">\n\t\t\t\t\t<h2 class=\"elementor-heading-title elementor-size-default\">Puertas a Medida en Madera Maciza<\/h2>\t\t\t\t<\/div>\n\t\t\t\t<\/div>\n\t\t\t\t<div class=\"elementor-element elementor-element-6677de4 elementor-widget elementor-widget-text-editor\" data-id=\"6677de4\" data-element_type=\"widget\" data-e-type=\"widget\" data-widget_type=\"text-editor.default\">\n\t\t\t\t<div class=\"elementor-widget-container\">\n\t\t\t\t\t\t\t\t\t<p>Fabricamos puertas exclusivas con madera maciza seleccionada, combinando tradici\u00f3n carpintera y dise\u00f1o personalizado. Cada puerta se adapta a las dimensiones, estilo y acabados que necesitas, asegurando resistencia, est\u00e9tica y una integraci\u00f3n perfecta en tu espacio. Ideal para quienes valoran la calidad, el detalle y la calidez natural de la madera aut\u00e9ntica.<\/p>\t\t\t\t\t\t\t\t<\/div>\n\t\t\t\t<\/div>\n\t\t\t\t<div class=\"elementor-element elementor-element-604e0a7 elementor-align-center elementor-widget elementor-widget-elementskit-button\" data-id=\"604e0a7\" data-element_type=\"widget\" data-e-type=\"widget\" data-widget_type=\"elementskit-button.default\">\n\t\t\t\t<div class=\"elementor-widget-container\">\n\t\t\t\t\t<div class=\"ekit-wid-con\" >\t\t<div class=\"ekit-btn-wraper\">\n\t\t\t\t\t\t\t<a href=\"tel:965%2040%2035%2045\" class=\"elementskit-btn  whitespace--normal\" id=\"\">\n\t\t\t\t\t<svg class=\"e-font-icon-svg e-fas-phone-alt\" viewBox=\"0 0 512 512\" xmlns=\"http:\/\/www.w3.org\/2000\/svg\"><path d=\"M497.39 361.8l-112-48a24 24 0 0 0-28 6.9l-49.6 60.6A370.66 370.66 0 0 1 130.6 204.11l60.6-49.6a23.94 23.94 0 0 0 6.9-28l-48-112A24.16 24.16 0 0 0 122.6.61l-104 24A24 24 0 0 0 0 48c0 256.5 207.9 464 464 464a24 24 0 0 0 23.4-18.6l24-104a24.29 24.29 0 0 0-14.01-27.6z\"><\/path><\/svg>Solicitar Informaci\u00f3n\t\t\t\t<\/a>\n\t\t\t\t\t<\/div>\n        <\/div>\t\t\t\t<\/div>\n\t\t\t\t<\/div>\n\t\t\t\t\t<\/div>\n\t\t\t\t<\/div>\n\t\t\t\t<\/div>\n\t\t","protected":false},"excerpt":{"rendered":"<p>BARROSA Dise\u00f1amos y fabricamos piezas \u00fanicas en madera maciza: puertas, armarios, mallorquinas y m\u00e1s. Artesan\u00eda, calidad y estilo para transformar [&hellip;]<\/p>\n","protected":false},"author":1,"featured_media":0,"parent":0,"menu_order":0,"comment_status":"closed","ping_status":"closed","template":"","meta":{"site-sidebar-layout":"no-sidebar","site-content-layout":"","ast-site-content-layout":"full-width-container","site-content-style":"default","site-sidebar-style":"default","ast-global-header-display":"","ast-banner-title-visibility":"","ast-main-header-display":"","ast-hfb-above-header-display":"","ast-hfb-below-header-display":"","ast-hfb-mobile-header-display":"","site-post-title":"disabled","ast-breadcrumbs-content":"","ast-featured-img":"disabled","footer-sml-layout":"","theme-transparent-header-meta":"","adv-header-id-meta":"","stick-header-meta":"","header-above-stick-meta":"","header-main-stick-meta":"","header-below-stick-meta":"","astra-migrate-meta-layouts":"default","ast-page-background-enabled":"default","ast-page-background-meta":{"desktop":{"background-color":"var(--ast-global-color-5)","background-image":"","background-repeat":"repeat","background-position":"center center","background-size":"auto","background-attachment":"scroll","background-type":"","background-media":"","overlay-type":"","overlay-color":"","overlay-opacity":"","overlay-gradient":""},"tablet":{"background-color":"","background-image":"","background-repeat":"repeat","background-position":"center center","background-size":"auto","background-attachment":"scroll","background-type":"","background-media":"","overlay-type":"","overlay-color":"","overlay-opacity":"","overlay-gradient":""},"mobile":{"background-color":"","background-image":"","background-repeat":"repeat","background-position":"center center","background-size":"auto","background-attachment":"scroll","background-type":"","background-media":"","overlay-type":"","overlay-color":"","overlay-opacity":"","overlay-gradient":""}},"ast-content-background-meta":{"desktop":{"background-color":"var(--ast-global-color-4)","background-image":"","background-repeat":"repeat","background-position":"center center","background-size":"auto","background-attachment":"scroll","background-type":"","background-media":"","overlay-type":"","overlay-color":"","overlay-opacity":"","overlay-gradient":""},"tablet":{"background-color":"var(--ast-global-color-4)","background-image":"","background-repeat":"repeat","background-position":"center center","background-size":"auto","background-attachment":"scroll","background-type":"","background-media":"","overlay-type":"","overlay-color":"","overlay-opacity":"","overlay-gradient":""},"mobile":{"background-color":"var(--ast-global-color-4)","background-image":"","background-repeat":"repeat","background-position":"center center","background-size":"auto","background-attachment":"scroll","background-type":"","background-media":"","overlay-type":"","overlay-color":"","overlay-opacity":"","overlay-gradient":""}},"footnotes":""},"class_list":["post-14","page","type-page","status-publish","hentry"],"_links":{"self":[{"href":"https:\/\/carpinteriabarrosa.com\/index.php\/wp-json\/wp\/v2\/pages\/14","targetHints":{"allow":["GET"]}}],"collection":[{"href":"https:\/\/carpinteriabarrosa.com\/index.php\/wp-json\/wp\/v2\/pages"}],"about":[{"href":"https:\/\/carpinteriabarrosa.com\/index.php\/wp-json\/wp\/v2\/types\/page"}],"author":[{"embeddable":true,"href":"https:\/\/carpinteriabarrosa.com\/index.php\/wp-json\/wp\/v2\/users\/1"}],"replies":[{"embeddable":true,"href":"https:\/\/carpinteriabarrosa.com\/index.php\/wp-json\/wp\/v2\/comments?post=14"}],"version-history":[{"count":28,"href":"https:\/\/carpinteriabarrosa.com\/index.php\/wp-json\/wp\/v2\/pages\/14\/revisions"}],"predecessor-version":[{"id":353,"href":"https:\/\/carpinteriabarrosa.com\/index.php\/wp-json\/wp\/v2\/pages\/14\/revisions\/353"}],"wp:attachment":[{"href":"https:\/\/carpinteriabarrosa.com\/index.php\/wp-json\/wp\/v2\/media?parent=14"}],"curies":[{"name":"wp","href":"https:\/\/api.w.org\/{rel}","templated":true}]}}